{"id":394,"date":"2025-10-16T00:24:39","date_gmt":"2025-10-16T00:24:39","guid":{"rendered":"https:\/\/paletimmac.pro\/?page_id=394"},"modified":"2026-03-10T11:23:19","modified_gmt":"2026-03-10T11:23:19","slug":"contacte-con-nosotros","status":"publish","type":"page","link":"https:\/\/paletimmac.pro\/?page_id=394","title":{"rendered":"Contacte con nosotros"},"content":{"rendered":"<p>Este sitio web es propiedad de Paletimmac S.L. Nos esforzamos por ofrecer informaci\u00f3n relevante y \u00fatil a nuestros usuarios<\/p>\n<p>Nombre de la empresa: Paletimmac S.L.<br \/>\nDomicilio social: C. del Para\u00edso, Casco Antiguo, 50003 Zaragoza, Espa\u00f1a<br \/>\nCorreo electr\u00f3nico: <a href=\"mailto:info@paletimmac.pro\">info@paletimmac.pro<\/a><br \/>\nTel\u00e9fono: <a href=\"tel:+34663468522\">+34663468522<\/a><br \/>\nDirector gerente: Miguel Angel Castellano<br \/>\nN\u00famero de registro: B81630416<br \/>\nNombre de la autoridad de registro: Bufete de abogados Atlas<br \/>\nDirecci\u00f3n de la autoridad de registro: Carrer de Manuel Sim\u00f3, 41, Patraix, 46018 Val\u00e8ncia, Valencia, Espa\u00f1a<\/p>\n<p><b>Responsabilidad del contenido:<\/b><br \/>\nNo somos responsables del contenido de los enlaces a sitios web de terceros que puedan estar disponibles en nuestro sitio web. Toda la responsabilidad por el contenido de dichos enlaces recae en sus respectivos propietarios. No nos hacemos responsables de ning\u00fan da\u00f1o, directo o indirecto, derivado del uso de la informaci\u00f3n proporcionada en nuestro sitio.<\/p>\n<p><b>Derechos de autor:<\/b><br \/>\nTodo el material de nuestro sitio web, incluidos textos, im\u00e1genes, gr\u00e1ficos, dise\u00f1o y software, est\u00e1 protegido por derechos de autor. Queda prohibido su uso o distribuci\u00f3n sin el permiso del titular de los derechos de autor.<\/p>\n<p><b>Informaci\u00f3n de contacto:<\/b><br \/>\nSi tiene alguna pregunta o comentario sobre nuestro sitio web o nuestra empresa, p\u00f3ngase en contacto con nosotros a trav\u00e9s de la informaci\u00f3n de contacto indicada anteriormente.<\/p>\n<p><b>Pol\u00edtica de privacidad:<\/b><br \/>\nRespetamos su privacidad y protegemos su informaci\u00f3n personal. Consulte nuestra pol\u00edtica de privacidad para obtener m\u00e1s informaci\u00f3n.<\/p>\n","protected":false},"excerpt":{"rendered":"<p>Este sitio web es propiedad de Paletimmac S.L. Nos esforzamos por ofrecer informaci\u00f3n relevante y \u00fatil a nuestros usuarios Nombre de la empresa: Paletimmac S.L. Domicilio social: C. del Para\u00edso,&hellip;<\/p>\n","protected":false},"author":1,"featured_media":0,"parent":0,"menu_order":0,"comment_status":"closed","ping_status":"closed","template":"","meta":{"footnotes":""},"class_list":["post-394","page","type-page","status-publish","hentry"],"_links":{"self":[{"href":"https:\/\/paletimmac.pro\/index.php?rest_route=\/wp\/v2\/pages\/394","targetHints":{"allow":["GET"]}}],"collection":[{"href":"https:\/\/paletimmac.pro\/index.php?rest_route=\/wp\/v2\/pages"}],"about":[{"href":"https:\/\/paletimmac.pro\/index.php?rest_route=\/wp\/v2\/types\/page"}],"author":[{"embeddable":true,"href":"https:\/\/paletimmac.pro\/index.php?rest_route=\/wp\/v2\/users\/1"}],"replies":[{"embeddable":true,"href":"https:\/\/paletimmac.pro\/index.php?rest_route=%2Fwp%2Fv2%2Fcomments&post=394"}],"version-history":[{"count":3,"href":"https:\/\/paletimmac.pro\/index.php?rest_route=\/wp\/v2\/pages\/394\/revisions"}],"predecessor-version":[{"id":455,"href":"https:\/\/paletimmac.pro\/index.php?rest_route=\/wp\/v2\/pages\/394\/revisions\/455"}],"wp:attachment":[{"href":"https:\/\/paletimmac.pro\/index.php?rest_route=%2Fwp%2Fv2%2Fmedia&parent=394"}],"curies":[{"name":"wp","href":"https:\/\/api.w.org\/{rel}","templated":true}]}}